{"id":3378,"date":"2021-09-13T22:11:11","date_gmt":"2021-09-13T22:11:11","guid":{"rendered":"https:\/\/parcexcurrycollective.wordpress.com\/?page_id=5"},"modified":"2025-11-04T23:18:25","modified_gmt":"2025-11-05T04:18:25","slug":"accueil","status":"publish","type":"page","link":"https:\/\/parcexcurrycollective.ca\/?page_id=3378","title":{"rendered":"Le Collectif de Curry Parc-Ex"},"content":{"rendered":"<style>.kb-row-layout-id3378_370d60-ac > .kt-row-column-wrap{align-content:start;}:where(.kb-row-layout-id3378_370d60-ac > .kt-row-column-wrap) > .wp-block-kadence-column{justify-content:start;}.kb-row-layout-id3378_370d60-ac > .kt-row-column-wrap{column-gap:var(--global-kb-gap-none, 0rem );row-gap:var(--global-kb-gap-none, 0rem );padding-top:0px;padding-right:48px;padding-bottom:0px;padding-left:48px;grid-template-columns:minmax(0, calc(75% - ((var(--global-kb-gap-none, 0rem ) * 1 )\/2)))minmax(0, calc(25% - ((var(--global-kb-gap-none, 0rem ) * 1 )\/2)));}.kb-row-layout-id3378_370d60-ac{background-image:url('https:\/\/parcexcurrycollective.ca\/wp-content\/uploads\/2022\/04\/curry-spices-stock-image-1.png');background-size:cover;background-position:26% 50%;background-attachment:fixed;background-repeat:no-repeat;}.kb-row-layout-id3378_370d60-ac > .kt-row-layout-overlay{opacity:0.55;background-color:#4c0000;}@media all and (max-width: 1024px), only screen and (min-device-width: 1024px) and (max-device-width: 1366px) and (-webkit-min-device-pixel-ratio: 2) and (hover: none){.kb-row-layout-id3378_370d60-ac{background-attachment:scroll;}}@media all and (max-width: 1024px){.kb-row-layout-id3378_370d60-ac > .kt-row-column-wrap{grid-template-columns:minmax(0, 1fr);}}@media all and (max-width: 767px){.kb-row-layout-id3378_370d60-ac > .kt-row-column-wrap{padding-right:0px;padding-left:0px;grid-template-columns:minmax(0, 1fr);}}<\/style><div class=\"kb-row-layout-wrap kb-row-layout-id3378_370d60-ac alignnone kt-row-has-bg wp-block-kadence-rowlayout\"><div class=\"kt-row-layout-overlay kt-row-overlay-normal\"><\/div><div class=\"kt-row-column-wrap kt-has-2-columns kt-row-layout-equal kt-tab-layout-row kt-mobile-layout-row kt-row-valign-top\">\n<style>.kadence-column3378_94fc9a-5e > .kt-inside-inner-col{padding-top:14px;padding-right:28px;padding-bottom:14px;padding-left:28px;}.kadence-column3378_94fc9a-5e > .kt-inside-inner-col,.kadence-column3378_94fc9a-5e > .kt-inside-inner-col:before{border-top-left-radius:0px;border-top-right-radius:0px;border-bottom-right-radius:0px;border-bottom-left-radius:0px;}.kadence-column3378_94fc9a-5e > .kt-inside-inner-col{column-gap:var(--global-kb-gap-sm, 1rem);}.kadence-column3378_94fc9a-5e > .kt-inside-inner-col{flex-direction:column;}.kadence-column3378_94fc9a-5e > .kt-inside-inner-col > .aligncenter{width:100%;}.kadence-column3378_94fc9a-5e > .kt-inside-inner-col:before{opacity:0.3;}.kadence-column3378_94fc9a-5e{position:relative;}.kadence-column3378_94fc9a-5e, .kt-inside-inner-col > .kadence-column3378_94fc9a-5e:not(.specificity){margin-top:14px;margin-right:14px;margin-bottom:14px;margin-left:14px;}@media all and (max-width: 1024px){.kadence-column3378_94fc9a-5e > .kt-inside-inner-col{flex-direction:column;justify-content:center;}}@media all and (max-width: 767px){.kadence-column3378_94fc9a-5e > .kt-inside-inner-col{padding-right:0px;padding-left:0px;flex-direction:column;justify-content:center;}}<\/style>\n<div class=\"wp-block-kadence-column kadence-column3378_94fc9a-5e inner-column-1\"><div class=\"kt-inside-inner-col\">\n<h1 class=\"wp-block-heading has-theme-palette-8-color has-text-color\" style=\"font-style:normal;font-weight:700\">Bienvenue au Collectif de Curry Parc-Ex<\/h1>\n\n\n\n<p class=\"has-theme-palette-8-color has-text-color has-medium-font-size\">Le Collectif de Curry Parc-Ex est une&nbsp;<strong>initiative d\u2019entraide<\/strong>&nbsp;qui fournit des services de&nbsp;<strong>traiteur<\/strong>&nbsp;et de distribution alimentaire \u00e0 Montr\u00e9al, au Qu\u00e9bec.<\/p>\n\n\n\n<p class=\"has-theme-palette-8-color has-text-color has-medium-font-size\">Ce projet communautaire offre un moyen de soutien financier aux&nbsp;<strong>demandeuses d\u2019asile<\/strong>&nbsp;du quartier Parc-Extension en les embauchant comme&nbsp;<strong>chefs<\/strong>&nbsp;principaux.<\/p>\n\n\n\n<p class=\"has-theme-palette-8-color has-text-color has-medium-font-size\">De plus, vous pouvez soutenir les familles vuln\u00e9rables du quartier en achetant des&nbsp;repas communautaires. Pour cette option, le Collectif de Curry livrera&nbsp;<em>gratuitement<\/em>&nbsp;\u00e0 ces familles !<\/p>\n\n\n<style>.wp-block-kadence-advancedbtn.kb-btns3378_caee3f-90{gap:var(--global-kb-gap-xs, 0.5rem );justify-content:flex-start;align-items:center;}.kt-btns3378_caee3f-90 .kt-button{font-weight:normal;font-style:normal;}.kt-btns3378_caee3f-90 .kt-btn-wrap-0{margin-right:5px;}.wp-block-kadence-advancedbtn.kt-btns3378_caee3f-90 .kt-btn-wrap-0 .kt-button{color:#555555;border-color:#555555;}.wp-block-kadence-advancedbtn.kt-btns3378_caee3f-90 .kt-btn-wrap-0 .kt-button:hover, .wp-block-kadence-advancedbtn.kt-btns3378_caee3f-90 .kt-btn-wrap-0 .kt-button:focus{color:#ffffff;border-color:#444444;}.wp-block-kadence-advancedbtn.kt-btns3378_caee3f-90 .kt-btn-wrap-0 .kt-button::before{display:none;}.wp-block-kadence-advancedbtn.kt-btns3378_caee3f-90 .kt-btn-wrap-0 .kt-button:hover, .wp-block-kadence-advancedbtn.kt-btns3378_caee3f-90 .kt-btn-wrap-0 .kt-button:focus{background:#444444;}<\/style>\n<div class=\"wp-block-kadence-advancedbtn kb-buttons-wrap kb-btns3378_caee3f-90\"><style>ul.menu .wp-block-kadence-advancedbtn .kb-btn3378_1a778f-c4.kb-button{width:initial;}<\/style><a class=\"kb-button kt-button button kb-btn3378_1a778f-c4 kt-btn-size-standard kt-btn-width-type-auto kb-btn-global-fill  kt-btn-has-text-true kt-btn-has-svg-false  wp-block-kadence-singlebtn\" href=\"https:\/\/parcexcurrycollective.ca\/?page_id=89\"><span class=\"kt-btn-inner-text\">Voir comment commander<\/span><\/a><\/div>\n<\/div><\/div>\n\n\n<style>.kadence-column3378_28f13a-6e > .kt-inside-inner-col{padding-top:14px;}.kadence-column3378_28f13a-6e > .kt-inside-inner-col,.kadence-column3378_28f13a-6e > .kt-inside-inner-col:before{border-top-left-radius:0px;border-top-right-radius:0px;border-bottom-right-radius:0px;border-bottom-left-radius:0px;}.kadence-column3378_28f13a-6e > .kt-inside-inner-col{column-gap:var(--global-kb-gap-sm, 1rem);}.kadence-column3378_28f13a-6e > .kt-inside-inner-col{flex-direction:column;}.kadence-column3378_28f13a-6e > .kt-inside-inner-col > .aligncenter{width:100%;}.kadence-column3378_28f13a-6e > .kt-inside-inner-col:before{opacity:0.3;}.kadence-column3378_28f13a-6e{position:relative;}.kadence-column3378_28f13a-6e, .kt-inside-inner-col > .kadence-column3378_28f13a-6e:not(.specificity){margin-top:14px;}@media all and (max-width: 1024px){.kadence-column3378_28f13a-6e > .kt-inside-inner-col{flex-direction:column;justify-content:center;}}@media all and (max-width: 767px){.kadence-column3378_28f13a-6e > .kt-inside-inner-col{flex-direction:column;justify-content:center;}}<\/style>\n<div class=\"wp-block-kadence-column kadence-column3378_28f13a-6e kvs-md-false kvs-sm-false kb-section-dir-vertical inner-column-2\"><div class=\"kt-inside-inner-col\"><div class=\"wp-block-image is-style-rounded\">\n<figure class=\"aligncenter size-full is-resized\"><img loading=\"lazy\" decoding=\"async\" width=\"575\" height=\"575\" src=\"https:\/\/parcexcurrycollective.ca\/wp-content\/uploads\/2022\/05\/leo-barinder-square-crop.jpg\" alt=\"\" class=\"wp-image-1543\" style=\"width:256px;height:256px\" srcset=\"https:\/\/parcexcurrycollective.ca\/wp-content\/uploads\/2022\/05\/leo-barinder-square-crop.jpg 575w, https:\/\/parcexcurrycollective.ca\/wp-content\/uploads\/2022\/05\/leo-barinder-square-crop-300x300.jpg 300w, https:\/\/parcexcurrycollective.ca\/wp-content\/uploads\/2022\/05\/leo-barinder-square-crop-150x150.jpg 150w, https:\/\/parcexcurrycollective.ca\/wp-content\/uploads\/2022\/05\/leo-barinder-square-crop-500x500.jpg 500w\" sizes=\"auto, (max-width: 575px) 100vw, 575px\" \/><figcaption class=\"wp-element-caption\">Barinder et Leonora<\/figcaption><\/figure>\n<\/div><\/div><\/div>\n\n<\/div><\/div>\n\n<style>.kb-row-layout-id3378_eb7479-be > .kt-row-column-wrap{align-content:start;}:where(.kb-row-layout-id3378_eb7479-be > .kt-row-column-wrap) > .wp-block-kadence-column{justify-content:start;}.kb-row-layout-id3378_eb7479-be > .kt-row-column-wrap{column-gap:var(--global-kb-gap-md, 2rem);row-gap:var(--global-kb-gap-md, 2rem);max-width:var( --global-content-width, 1290px );padding-left:var(--global-content-edge-padding);padding-right:var(--global-content-edge-padding);padding-bottom:var(--global-kb-spacing-sm, 1.5rem);grid-template-columns:minmax(0, 1fr);}.kb-row-layout-id3378_eb7479-be > .kt-row-layout-overlay{opacity:1;background-color:var(--global-palette6, #718096);mix-blend-mode:color;}@media all and (max-width: 1024px){.kb-row-layout-id3378_eb7479-be > .kt-row-column-wrap{grid-template-columns:minmax(0, 1fr);}}@media all and (max-width: 767px){.kb-row-layout-id3378_eb7479-be > .kt-row-column-wrap{grid-template-columns:minmax(0, 1fr);}}<\/style><div class=\"kb-row-layout-wrap kb-row-layout-id3378_eb7479-be alignnone has-theme-palette8-background-color kt-row-has-bg wp-block-kadence-rowlayout\"><div class=\"kt-row-layout-overlay kt-row-overlay-normal\"><\/div><div class=\"kt-row-column-wrap kt-has-1-columns kt-row-layout-equal kt-tab-layout-inherit kt-mobile-layout-row kt-row-valign-top kb-theme-content-width\">\n<style>.kadence-column3378_3e79b4-a8 > .kt-inside-inner-col,.kadence-column3378_3e79b4-a8 > .kt-inside-inner-col:before{border-top-left-radius:0px;border-top-right-radius:0px;border-bottom-right-radius:0px;border-bottom-left-radius:0px;}.kadence-column3378_3e79b4-a8 > .kt-inside-inner-col{column-gap:var(--global-kb-gap-sm, 1rem);}.kadence-column3378_3e79b4-a8 > .kt-inside-inner-col{flex-direction:column;}.kadence-column3378_3e79b4-a8 > .kt-inside-inner-col > .aligncenter{width:100%;}.kadence-column3378_3e79b4-a8 > .kt-inside-inner-col:before{opacity:0.3;}.kadence-column3378_3e79b4-a8{position:relative;}@media all and (max-width: 1024px){.kadence-column3378_3e79b4-a8 > .kt-inside-inner-col{flex-direction:column;justify-content:center;}}@media all and (max-width: 767px){.kadence-column3378_3e79b4-a8 > .kt-inside-inner-col{flex-direction:column;justify-content:center;}}<\/style>\n<div class=\"wp-block-kadence-column kadence-column3378_3e79b4-a8\"><div class=\"kt-inside-inner-col\"><style>.kb-row-layout-id3378_d7b6ed-ef > .kt-row-column-wrap{align-content:start;}:where(.kb-row-layout-id3378_d7b6ed-ef > .kt-row-column-wrap) > .wp-block-kadence-column{justify-content:start;}.kb-row-layout-id3378_d7b6ed-ef > .kt-row-column-wrap{column-gap:var(--global-kb-gap-md, 2rem);row-gap:var(--global-kb-gap-md, 2rem);padding-top:var(--global-kb-spacing-sm, 1.5rem);padding-bottom:var(--global-kb-spacing-sm, 1.5rem);grid-template-columns:minmax(0, 1fr);}.kb-row-layout-id3378_d7b6ed-ef > .kt-row-layout-overlay{opacity:0.30;}@media all and (max-width: 1024px){.kb-row-layout-id3378_d7b6ed-ef > .kt-row-column-wrap{grid-template-columns:minmax(0, 1fr);}}@media all and (max-width: 767px){.kb-row-layout-id3378_d7b6ed-ef > .kt-row-column-wrap{grid-template-columns:minmax(0, 1fr);}}<\/style><div class=\"kb-row-layout-wrap kb-row-layout-id3378_d7b6ed-ef alignnone wp-block-kadence-rowlayout\"><div class=\"kt-row-column-wrap kt-has-1-columns kt-row-layout-equal kt-tab-layout-inherit kt-mobile-layout-row kt-row-valign-top\">\n<style>.kadence-column3378_5ff096-15 > .kt-inside-inner-col,.kadence-column3378_5ff096-15 > .kt-inside-inner-col:before{border-top-left-radius:0px;border-top-right-radius:0px;border-bottom-right-radius:0px;border-bottom-left-radius:0px;}.kadence-column3378_5ff096-15 > .kt-inside-inner-col{column-gap:var(--global-kb-gap-sm, 1rem);}.kadence-column3378_5ff096-15 > .kt-inside-inner-col{flex-direction:column;}.kadence-column3378_5ff096-15 > .kt-inside-inner-col > .aligncenter{width:100%;}.kadence-column3378_5ff096-15 > .kt-inside-inner-col:before{opacity:0.3;}.kadence-column3378_5ff096-15{position:relative;}@media all and (max-width: 1024px){.kadence-column3378_5ff096-15 > .kt-inside-inner-col{flex-direction:column;justify-content:center;}}@media all and (max-width: 767px){.kadence-column3378_5ff096-15 > .kt-inside-inner-col{flex-direction:column;justify-content:center;}}<\/style>\n<div class=\"wp-block-kadence-column kadence-column3378_5ff096-15\"><div class=\"kt-inside-inner-col\">\n<h2 class=\"wp-block-heading has-text-align-center\">Nos partenaires<\/h2>\n<\/div><\/div>\n\n<\/div><\/div>\n\n\n<div class=\"wp-block-group is-content-justification-space-between is-layout-flex wp-container-core-group-is-layout-e3bc7287 wp-block-group-is-layout-flex\">\n<figure class=\"wp-block-image size-thumbnail\"><img loading=\"lazy\" decoding=\"async\" width=\"150\" height=\"150\" src=\"https:\/\/parcexcurrycollective.ca\/wp-content\/uploads\/2023\/09\/AauF-logo-150x150.png\" alt=\"\" class=\"wp-image-3379\" srcset=\"https:\/\/parcexcurrycollective.ca\/wp-content\/uploads\/2023\/09\/AauF-logo-150x150.png 150w, https:\/\/parcexcurrycollective.ca\/wp-content\/uploads\/2023\/09\/AauF-logo-300x300.png 300w, https:\/\/parcexcurrycollective.ca\/wp-content\/uploads\/2023\/09\/AauF-logo-100x100.png 100w, https:\/\/parcexcurrycollective.ca\/wp-content\/uploads\/2023\/09\/AauF-logo-500x500.png 500w\" sizes=\"auto, (max-width: 150px) 100vw, 150px\" \/><\/figure>\n\n\n\n<figure class=\"wp-block-image size-full is-resized\"><img loading=\"lazy\" decoding=\"async\" width=\"186\" height=\"132\" src=\"https:\/\/parcexcurrycollective.ca\/wp-content\/uploads\/2023\/09\/place-commune-logo.png\" alt=\"\" class=\"wp-image-3380\" style=\"width:136px;height:97px\"\/><\/figure>\n\n\n\n<figure class=\"wp-block-image size-full is-resized\"><img loading=\"lazy\" decoding=\"async\" width=\"288\" height=\"288\" src=\"https:\/\/parcexcurrycollective.ca\/wp-content\/uploads\/2023\/09\/SunYouth_Logo.png\" alt=\"\" class=\"wp-image-3381\" style=\"width:111px;height:111px\" srcset=\"https:\/\/parcexcurrycollective.ca\/wp-content\/uploads\/2023\/09\/SunYouth_Logo.png 288w, https:\/\/parcexcurrycollective.ca\/wp-content\/uploads\/2023\/09\/SunYouth_Logo-100x100.png 100w, https:\/\/parcexcurrycollective.ca\/wp-content\/uploads\/2023\/09\/SunYouth_Logo-150x150.png 150w\" sizes=\"auto, (max-width: 288px) 100vw, 288px\" \/><\/figure>\n\n\n\n<figure class=\"wp-block-image size-medium is-resized\"><img loading=\"lazy\" decoding=\"async\" width=\"300\" height=\"79\" src=\"https:\/\/parcexcurrycollective.ca\/wp-content\/uploads\/2023\/09\/LOGO_WECO_BILINGUE_RVB_BLEU-1-300x79.png\" alt=\"\" class=\"wp-image-3382\" style=\"width:317px;height:84px\" srcset=\"https:\/\/parcexcurrycollective.ca\/wp-content\/uploads\/2023\/09\/LOGO_WECO_BILINGUE_RVB_BLEU-1-300x79.png 300w, https:\/\/parcexcurrycollective.ca\/wp-content\/uploads\/2023\/09\/LOGO_WECO_BILINGUE_RVB_BLEU-1-600x158.png 600w, https:\/\/parcexcurrycollective.ca\/wp-content\/uploads\/2023\/09\/LOGO_WECO_BILINGUE_RVB_BLEU-1-1024x270.png 1024w, https:\/\/parcexcurrycollective.ca\/wp-content\/uploads\/2023\/09\/LOGO_WECO_BILINGUE_RVB_BLEU-1-768x202.png 768w, https:\/\/parcexcurrycollective.ca\/wp-content\/uploads\/2023\/09\/LOGO_WECO_BILINGUE_RVB_BLEU-1-1536x404.png 1536w, https:\/\/parcexcurrycollective.ca\/wp-content\/uploads\/2023\/09\/LOGO_WECO_BILINGUE_RVB_BLEU-1-2048x539.png 2048w\" sizes=\"auto, (max-width: 300px) 100vw, 300px\" \/><\/figure>\n\n\n\n<figure class=\"wp-block-image size-large is-resized\"><img loading=\"lazy\" decoding=\"async\" width=\"1024\" height=\"590\" src=\"https:\/\/parcexcurrycollective.ca\/wp-content\/uploads\/2023\/09\/BxB_Logo_outline-1024x590.png\" alt=\"\" class=\"wp-image-3383\" style=\"width:121px;height:69px\" srcset=\"https:\/\/parcexcurrycollective.ca\/wp-content\/uploads\/2023\/09\/BxB_Logo_outline-1024x590.png 1024w, https:\/\/parcexcurrycollective.ca\/wp-content\/uploads\/2023\/09\/BxB_Logo_outline-600x346.png 600w, https:\/\/parcexcurrycollective.ca\/wp-content\/uploads\/2023\/09\/BxB_Logo_outline-300x173.png 300w, https:\/\/parcexcurrycollective.ca\/wp-content\/uploads\/2023\/09\/BxB_Logo_outline-768x442.png 768w, https:\/\/parcexcurrycollective.ca\/wp-content\/uploads\/2023\/09\/BxB_Logo_outline-1536x885.png 1536w, https:\/\/parcexcurrycollective.ca\/wp-content\/uploads\/2023\/09\/BxB_Logo_outline.png 1667w\" sizes=\"auto, (max-width: 1024px) 100vw, 1024px\" \/><\/figure>\n<\/div>\n<\/div><\/div>\n\n<\/div><\/div>\n\n<style>.kb-row-layout-wrap.wp-block-kadence-rowlayout.kb-row-layout-id3378_ff2eaa-91{margin-bottom:var(--global-kb-spacing-xs, 1rem);}.kb-row-layout-id3378_ff2eaa-91 > .kt-row-column-wrap{align-content:start;}:where(.kb-row-layout-id3378_ff2eaa-91 > .kt-row-column-wrap) > .wp-block-kadence-column{justify-content:start;}.kb-row-layout-id3378_ff2eaa-91 > .kt-row-column-wrap{column-gap:var(--global-kb-gap-md, 2rem);row-gap:var(--global-kb-gap-md, 2rem);max-width:700px;margin-left:auto;margin-right:auto;padding-top:3em;padding-bottom:3em;grid-template-columns:minmax(0, 1fr);}.kb-row-layout-id3378_ff2eaa-91{background-image:url('https:\/\/parcexcurrycollective.ca\/wp-content\/uploads\/2022\/06\/20220606-01.jpg');background-size:cover;background-position:27% 18%;background-attachment:scroll;background-repeat:no-repeat;}.kb-row-layout-id3378_ff2eaa-91 > .kt-row-layout-overlay{opacity:0.60;background-color:var(--global-palette3, #1A202C);}@media all and (max-width: 1024px){.kb-row-layout-id3378_ff2eaa-91 > .kt-row-column-wrap{grid-template-columns:minmax(0, 1fr);}}@media all and (max-width: 767px){.kb-row-layout-id3378_ff2eaa-91 > .kt-row-column-wrap{grid-template-columns:minmax(0, 1fr);}}<\/style><div class=\"kb-row-layout-wrap kb-row-layout-id3378_ff2eaa-91 alignnone kt-row-has-bg wp-block-kadence-rowlayout\"><div class=\"kt-row-layout-overlay kt-row-overlay-normal\"><\/div><div class=\"kt-row-column-wrap kt-has-1-columns kt-row-layout-equal kt-tab-layout-inherit kt-mobile-layout-row kt-row-valign-top\">\n<style>.kadence-column3378_68f331-4f > .kt-inside-inner-col{display:flex;}.kadence-column3378_68f331-4f > .kt-inside-inner-col,.kadence-column3378_68f331-4f > .kt-inside-inner-col:before{border-top-left-radius:0px;border-top-right-radius:0px;border-bottom-right-radius:0px;border-bottom-left-radius:0px;}.kadence-column3378_68f331-4f > .kt-inside-inner-col{row-gap:0px;column-gap:var(--global-kb-gap-sm, 1rem);}.kadence-column3378_68f331-4f > .kt-inside-inner-col{flex-direction:column;}.kadence-column3378_68f331-4f > .kt-inside-inner-col > .aligncenter{width:100%;}.kadence-column3378_68f331-4f > .kt-inside-inner-col:before{opacity:0.3;}.kadence-column3378_68f331-4f{position:relative;}.kadence-column3378_68f331-4f, .kt-inside-inner-col > .kadence-column3378_68f331-4f:not(.specificity){margin-bottom:var(--global-kb-spacing-sm, 1.5rem);}@media all and (max-width: 1024px){.kadence-column3378_68f331-4f > .kt-inside-inner-col{flex-direction:column;justify-content:center;}}@media all and (max-width: 767px){.kadence-column3378_68f331-4f > .kt-inside-inner-col{flex-direction:column;justify-content:center;}}<\/style>\n<div class=\"wp-block-kadence-column kadence-column3378_68f331-4f kb-section-dir-vertical inner-column-1\"><div class=\"kt-inside-inner-col\"><style>.wp-block-kadence-advancedheading.kt-adv-heading3378_00fb8a-70, .wp-block-kadence-advancedheading.kt-adv-heading3378_00fb8a-70[data-kb-block=\"kb-adv-heading3378_00fb8a-70\"]{text-align:center;font-style:normal;}.wp-block-kadence-advancedheading.kt-adv-heading3378_00fb8a-70 mark.kt-highlight, .wp-block-kadence-advancedheading.kt-adv-heading3378_00fb8a-70[data-kb-block=\"kb-adv-heading3378_00fb8a-70\"] mark.kt-highlight{font-style:normal;color:#f76a0c;-webkit-box-decoration-break:clone;box-decoration-break:clone;padding-top:0px;padding-right:0px;padding-bottom:0px;padding-left:0px;}.wp-block-kadence-advancedheading.kt-adv-heading3378_00fb8a-70 img.kb-inline-image, .wp-block-kadence-advancedheading.kt-adv-heading3378_00fb8a-70[data-kb-block=\"kb-adv-heading3378_00fb8a-70\"] img.kb-inline-image{width:150px;vertical-align:baseline;}<\/style>\n<h2 class=\"kt-adv-heading3378_00fb8a-70 wp-block-kadence-advancedheading has-theme-palette-9-color has-text-color\" data-kb-block=\"kb-adv-heading3378_00fb8a-70\">Aidez-nous \u00e0 faire agrandir cette initiative communautaire en faisant un don au Collectif de Curry Parc-Ex<\/h2>\n\n\n<style>.wp-block-kadence-advancedheading.kt-adv-heading3378_155c0f-40, .wp-block-kadence-advancedheading.kt-adv-heading3378_155c0f-40[data-kb-block=\"kb-adv-heading3378_155c0f-40\"]{text-align:center;font-style:normal;}.wp-block-kadence-advancedheading.kt-adv-heading3378_155c0f-40 mark.kt-highlight, .wp-block-kadence-advancedheading.kt-adv-heading3378_155c0f-40[data-kb-block=\"kb-adv-heading3378_155c0f-40\"] mark.kt-highlight{font-style:normal;color:#f76a0c;-webkit-box-decoration-break:clone;box-decoration-break:clone;padding-top:0px;padding-right:0px;padding-bottom:0px;padding-left:0px;}.wp-block-kadence-advancedheading.kt-adv-heading3378_155c0f-40 img.kb-inline-image, .wp-block-kadence-advancedheading.kt-adv-heading3378_155c0f-40[data-kb-block=\"kb-adv-heading3378_155c0f-40\"] img.kb-inline-image{width:150px;vertical-align:baseline;}<\/style>\n<p class=\"kt-adv-heading3378_155c0f-40 wp-block-kadence-advancedheading has-theme-palette-9-color has-text-color\" data-kb-block=\"kb-adv-heading3378_155c0f-40\"><meta charset=\"utf-8\">Nous sommes un organisme \u00e0 but non-lucratif enregistr\u00e9 (OSBL) NEQ 1177870129.<\/p>\n\n\n<style>.wp-block-kadence-advancedheading.kt-adv-heading3378_48fbba-3b, .wp-block-kadence-advancedheading.kt-adv-heading3378_48fbba-3b[data-kb-block=\"kb-adv-heading3378_48fbba-3b\"]{text-align:center;font-style:normal;}.wp-block-kadence-advancedheading.kt-adv-heading3378_48fbba-3b mark.kt-highlight, .wp-block-kadence-advancedheading.kt-adv-heading3378_48fbba-3b[data-kb-block=\"kb-adv-heading3378_48fbba-3b\"] mark.kt-highlight{font-style:normal;color:#f76a0c;-webkit-box-decoration-break:clone;box-decoration-break:clone;padding-top:0px;padding-right:0px;padding-bottom:0px;padding-left:0px;}.wp-block-kadence-advancedheading.kt-adv-heading3378_48fbba-3b img.kb-inline-image, .wp-block-kadence-advancedheading.kt-adv-heading3378_48fbba-3b[data-kb-block=\"kb-adv-heading3378_48fbba-3b\"] img.kb-inline-image{width:150px;vertical-align:baseline;}<\/style>\n<p class=\"kt-adv-heading3378_48fbba-3b wp-block-kadence-advancedheading has-theme-palette-9-color has-text-color\" data-kb-block=\"kb-adv-heading3378_48fbba-3b\">Vous pouvez contribuer n\u2019importe quel montant via notre portail s\u00e9curis\u00e9 ; les fonds serviront \u00e0 financer des repas communautaires ainsi que des fournitures et de l\u2019\u00e9quipement pour nos efforts communautaires.<\/p>\n\n\n<style>.wp-block-kadence-advancedbtn.kb-btns3378_ba2e59-b3{gap:var(--global-kb-gap-xs, 0.5rem );justify-content:center;align-items:center;}.kt-btns3378_ba2e59-b3 .kt-button{font-weight:normal;font-style:normal;}<\/style>\n<div class=\"wp-block-kadence-advancedbtn kb-buttons-wrap kb-btns3378_ba2e59-b3\"><style>ul.menu .wp-block-kadence-advancedbtn .kb-btn3378_e270d0-7b.kb-button{width:initial;}.wp-block-kadence-advancedbtn .kb-btn3378_e270d0-7b.kb-button{background:#d11504;}<\/style><a class=\"kb-button kt-button button kb-btn3378_e270d0-7b kt-btn-size-standard kt-btn-width-type-auto kb-btn-global-inherit  kt-btn-has-text-true kt-btn-has-svg-false  wp-block-button__link wp-block-kadence-singlebtn\" href=\"https:\/\/www.zeffy.com\/en-CA\/donation-form\/811919cf-fac2-444e-a2bd-b2e568f49044\"><span class=\"kt-btn-inner-text\">Faites un don<\/span><\/a><\/div>\n<\/div><\/div>\n\n<\/div><\/div>","protected":false},"excerpt":{"rendered":"<p>Bienvenue au Collectif de Curry Parc-Ex Le Collectif de Curry Parc-Ex est une&nbsp;initiative d\u2019entraide&nbsp;qui fournit des services de&nbsp;traiteur&nbsp;et de distribution alimentaire \u00e0 Montr\u00e9al, au Qu\u00e9bec. Ce projet communautaire offre un moyen de soutien financier aux&nbsp;demandeuses d\u2019asile&nbsp;du quartier Parc-Extension en les embauchant comme&nbsp;chefs&nbsp;principaux. De plus, vous pouvez soutenir les familles vuln\u00e9rables du quartier en achetant des&nbsp;repas&#8230;<\/p>\n","protected":false},"author":1,"featured_media":0,"parent":0,"menu_order":1,"comment_status":"closed","ping_status":"closed","template":"","meta":{"_acf_changed":false,"_eb_attr":"","_monsterinsights_skip_tracking":false,"_monsterinsights_sitenote_active":false,"_monsterinsights_sitenote_note":"","_monsterinsights_sitenote_category":0,"_kadence_starter_templates_imported_post":false,"_kad_post_transparent":"default","_kad_post_title":"hide","_kad_post_layout":"fullwidth","_kad_post_sidebar_id":"","_kad_post_content_style":"unboxed","_kad_post_vertical_padding":"hide","_kad_post_feature":"hide","_kad_post_feature_position":"","_kad_post_header":false,"_kad_post_footer":false,"_kad_post_classname":"","footnotes":""},"class_list":["post-3378","page","type-page","status-publish","hentry"],"acf":[],"lang":"fr","translations":{"fr":3378,"en":10},"pll_sync_post":[],"_links":{"self":[{"href":"https:\/\/parcexcurrycollective.ca\/index.php?rest_route=\/wp\/v2\/pages\/3378","targetHints":{"allow":["GET"]}}],"collection":[{"href":"https:\/\/parcexcurrycollective.ca\/index.php?rest_route=\/wp\/v2\/pages"}],"about":[{"href":"https:\/\/parcexcurrycollective.ca\/index.php?rest_route=\/wp\/v2\/types\/page"}],"author":[{"embeddable":true,"href":"https:\/\/parcexcurrycollective.ca\/index.php?rest_route=\/wp\/v2\/users\/1"}],"replies":[{"embeddable":true,"href":"https:\/\/parcexcurrycollective.ca\/index.php?rest_route=%2Fwp%2Fv2%2Fcomments&post=3378"}],"version-history":[{"count":29,"href":"https:\/\/parcexcurrycollective.ca\/index.php?rest_route=\/wp\/v2\/pages\/3378\/revisions"}],"predecessor-version":[{"id":4347,"href":"https:\/\/parcexcurrycollective.ca\/index.php?rest_route=\/wp\/v2\/pages\/3378\/revisions\/4347"}],"wp:attachment":[{"href":"https:\/\/parcexcurrycollective.ca\/index.php?rest_route=%2Fwp%2Fv2%2Fmedia&parent=3378"}],"curies":[{"name":"wp","href":"https:\/\/api.w.org\/{rel}","templated":true}]}}