{"id":4465,"date":"2025-12-08T00:10:05","date_gmt":"2025-12-08T05:10:05","guid":{"rendered":"https:\/\/parcexcurrycollective.ca\/?page_id=4465"},"modified":"2025-12-10T13:56:18","modified_gmt":"2025-12-10T18:56:18","slug":"don","status":"publish","type":"page","link":"https:\/\/parcexcurrycollective.ca\/?page_id=4465","title":{"rendered":"Faire un don"},"content":{"rendered":"<style>.kadence-column4465_389a51-a4 > .kt-inside-inner-col,.kadence-column4465_389a51-a4 > .kt-inside-inner-col:before{border-top-left-radius:0px;border-top-right-radius:0px;border-bottom-right-radius:0px;border-bottom-left-radius:0px;}.kadence-column4465_389a51-a4 > .kt-inside-inner-col{column-gap:var(--global-kb-gap-sm, 1rem);}.kadence-column4465_389a51-a4 > .kt-inside-inner-col{flex-direction:column;}.kadence-column4465_389a51-a4 > .kt-inside-inner-col > .aligncenter{width:100%;}.kadence-column4465_389a51-a4 > .kt-inside-inner-col:before{opacity:0.32;}.kadence-column4465_389a51-a4{position:relative;}@media all and (max-width: 1024px){.kadence-column4465_389a51-a4 > .kt-inside-inner-col{flex-direction:column;justify-content:center;}}@media all and (max-width: 767px){.kadence-column4465_389a51-a4 > .kt-inside-inner-col{flex-direction:column;justify-content:center;}}<\/style>\n<div class=\"wp-block-kadence-column kadence-column4465_389a51-a4\"><div class=\"kt-inside-inner-col\"><style>.wp-block-kadence-advancedheading.kt-adv-heading4465_0a52f0-18, .wp-block-kadence-advancedheading.kt-adv-heading4465_0a52f0-18[data-kb-block=\"kb-adv-heading4465_0a52f0-18\"]{text-align:left;font-style:normal;}.wp-block-kadence-advancedheading.kt-adv-heading4465_0a52f0-18 mark.kt-highlight, .wp-block-kadence-advancedheading.kt-adv-heading4465_0a52f0-18[data-kb-block=\"kb-adv-heading4465_0a52f0-18\"] mark.kt-highlight{font-style:normal;color:#f76a0c;-webkit-box-decoration-break:clone;box-decoration-break:clone;padding-top:0px;padding-right:0px;padding-bottom:0px;padding-left:0px;}.wp-block-kadence-advancedheading.kt-adv-heading4465_0a52f0-18 img.kb-inline-image, .wp-block-kadence-advancedheading.kt-adv-heading4465_0a52f0-18[data-kb-block=\"kb-adv-heading4465_0a52f0-18\"] img.kb-inline-image{width:150px;vertical-align:baseline;}<\/style>\n<h2 class=\"kt-adv-heading4465_0a52f0-18 wp-block-kadence-advancedheading\" data-kb-block=\"kb-adv-heading4465_0a52f0-18\">Aidez-nous \u00e0 assurer la continuit\u00e9 de nos programmes communautaires<\/h2>\n\n\n<style>.wp-block-kadence-advancedheading.kt-adv-heading4465_934a37-5d, .wp-block-kadence-advancedheading.kt-adv-heading4465_934a37-5d[data-kb-block=\"kb-adv-heading4465_934a37-5d\"]{font-size:var(--global-kb-font-size-md, 1.25rem);font-style:normal;}.wp-block-kadence-advancedheading.kt-adv-heading4465_934a37-5d mark.kt-highlight, .wp-block-kadence-advancedheading.kt-adv-heading4465_934a37-5d[data-kb-block=\"kb-adv-heading4465_934a37-5d\"] mark.kt-highlight{font-style:normal;color:#f76a0c;-webkit-box-decoration-break:clone;box-decoration-break:clone;padding-top:0px;padding-right:0px;padding-bottom:0px;padding-left:0px;}.wp-block-kadence-advancedheading.kt-adv-heading4465_934a37-5d img.kb-inline-image, .wp-block-kadence-advancedheading.kt-adv-heading4465_934a37-5d[data-kb-block=\"kb-adv-heading4465_934a37-5d\"] img.kb-inline-image{width:150px;vertical-align:baseline;}<\/style>\n<p class=\"kt-adv-heading4465_934a37-5d wp-block-kadence-advancedheading\" data-kb-block=\"kb-adv-heading4465_934a37-5d\">Vos dons soutiennent la <a href=\"https:\/\/parcexcurrycollective.ca\/?page_id=4177\" data-type=\"page\" data-id=\"4177\">mission<\/a> du <strong>Collectif de Curry Parc-Ex<\/strong>: permettre aux femmes nouvellement arriv\u00e9es de tous horizons culturels de travailler ensemble afin de d\u00e9velopper les comp\u00e9tences et la confiance n\u00e9cessaires pour devenir autonomes dans leur nouveau pays. <\/p>\n<\/div><\/div>\n\n\n<style>.kadence-column4465_37a0a7-aa > .kt-inside-inner-col,.kadence-column4465_37a0a7-aa > .kt-inside-inner-col:before{border-top-left-radius:0px;border-top-right-radius:0px;border-bottom-right-radius:0px;border-bottom-left-radius:0px;}.kadence-column4465_37a0a7-aa > .kt-inside-inner-col{column-gap:var(--global-kb-gap-sm, 1rem);}.kadence-column4465_37a0a7-aa > .kt-inside-inner-col{flex-direction:column;}.kadence-column4465_37a0a7-aa > .kt-inside-inner-col > .aligncenter{width:100%;}.kadence-column4465_37a0a7-aa > .kt-inside-inner-col:before{opacity:0.3;}.kadence-column4465_37a0a7-aa{position:relative;}@media all and (max-width: 1024px){.kadence-column4465_37a0a7-aa > .kt-inside-inner-col{flex-direction:column;justify-content:center;}}@media all and (max-width: 767px){.kadence-column4465_37a0a7-aa > .kt-inside-inner-col{flex-direction:column;justify-content:center;}}<\/style>\n<div class=\"wp-block-kadence-column kadence-column4465_37a0a7-aa\"><div class=\"kt-inside-inner-col\"><style>.kb-row-layout-id4465_cedab5-38 > .kt-row-column-wrap{align-content:start;}:where(.kb-row-layout-id4465_cedab5-38 > .kt-row-column-wrap) > .wp-block-kadence-column{justify-content:start;}.kb-row-layout-id4465_cedab5-38 > .kt-row-column-wrap{column-gap:var(--global-kb-gap-md, 2rem);row-gap:var(--global-kb-gap-md, 2rem);padding-top:var(--global-kb-spacing-sm, 1.5rem);padding-bottom:var(--global-kb-spacing-sm, 1.5rem);grid-template-columns:minmax(0, 1fr);}.kb-row-layout-id4465_cedab5-38 > .kt-row-layout-overlay{opacity:0.30;}@media all and (max-width: 1024px){.kb-row-layout-id4465_cedab5-38 > .kt-row-column-wrap{grid-template-columns:minmax(0, 1fr);}}@media all and (max-width: 767px){.kb-row-layout-id4465_cedab5-38 > .kt-row-column-wrap{grid-template-columns:minmax(0, 1fr);}}<\/style><div class=\"kb-row-layout-wrap kb-row-layout-id4465_cedab5-38 alignnone wp-block-kadence-rowlayout\"><div class=\"kt-row-column-wrap kt-has-1-columns kt-row-layout-equal kt-tab-layout-inherit kt-mobile-layout-row kt-row-valign-top\">\n<style>.kadence-column4465_3d1e9b-e2 > .kt-inside-inner-col,.kadence-column4465_3d1e9b-e2 > .kt-inside-inner-col:before{border-top-left-radius:0px;border-top-right-radius:0px;border-bottom-right-radius:0px;border-bottom-left-radius:0px;}.kadence-column4465_3d1e9b-e2 > .kt-inside-inner-col{column-gap:var(--global-kb-gap-sm, 1rem);}.kadence-column4465_3d1e9b-e2 > .kt-inside-inner-col{flex-direction:column;}.kadence-column4465_3d1e9b-e2 > .kt-inside-inner-col > .aligncenter{width:100%;}.kadence-column4465_3d1e9b-e2 > .kt-inside-inner-col:before{opacity:0.3;}.kadence-column4465_3d1e9b-e2{position:relative;}@media all and (max-width: 1024px){.kadence-column4465_3d1e9b-e2 > .kt-inside-inner-col{flex-direction:column;justify-content:center;}}@media all and (max-width: 767px){.kadence-column4465_3d1e9b-e2 > .kt-inside-inner-col{flex-direction:column;justify-content:center;}}<\/style>\n<div class=\"wp-block-kadence-column kadence-column4465_3d1e9b-e2\"><div class=\"kt-inside-inner-col\"><style>.wp-block-kadence-advancedheading.kt-adv-heading4465_5a4b3a-8e, .wp-block-kadence-advancedheading.kt-adv-heading4465_5a4b3a-8e[data-kb-block=\"kb-adv-heading4465_5a4b3a-8e\"]{font-style:normal;}.wp-block-kadence-advancedheading.kt-adv-heading4465_5a4b3a-8e mark.kt-highlight, .wp-block-kadence-advancedheading.kt-adv-heading4465_5a4b3a-8e[data-kb-block=\"kb-adv-heading4465_5a4b3a-8e\"] mark.kt-highlight{font-style:normal;color:#f76a0c;-webkit-box-decoration-break:clone;box-decoration-break:clone;padding-top:0px;padding-right:0px;padding-bottom:0px;padding-left:0px;}.wp-block-kadence-advancedheading.kt-adv-heading4465_5a4b3a-8e img.kb-inline-image, .wp-block-kadence-advancedheading.kt-adv-heading4465_5a4b3a-8e[data-kb-block=\"kb-adv-heading4465_5a4b3a-8e\"] img.kb-inline-image{width:150px;vertical-align:baseline;}<\/style>\n<p class=\"kt-adv-heading4465_5a4b3a-8e wp-block-kadence-advancedheading\" data-kb-block=\"kb-adv-heading4465_5a4b3a-8e\">Veuillez noter que le Collectif de Curry Parc-Ex est un organisme \u00e0 but non lucratif (OBNL) au Qu\u00e9bec et n&#8217;est pas autoris\u00e9 \u00e0 \u00e9mettre des re\u00e7us officiels pour fins d&#8217;imp\u00f4ts.<\/p>\n<\/div><\/div>\n\n<\/div><\/div><\/div><\/div>\n\n\n<style>.kadence-column4465_973c3e-60 > .kt-inside-inner-col{padding-top:var(--global-kb-spacing-sm, 1.5rem);padding-bottom:var(--global-kb-spacing-lg, 3rem);}.kadence-column4465_973c3e-60 > .kt-inside-inner-col,.kadence-column4465_973c3e-60 > .kt-inside-inner-col:before{border-top-left-radius:0px;border-top-right-radius:0px;border-bottom-right-radius:0px;border-bottom-left-radius:0px;}.kadence-column4465_973c3e-60 > .kt-inside-inner-col{column-gap:var(--global-kb-gap-sm, 1rem);}.kadence-column4465_973c3e-60 > .kt-inside-inner-col{flex-direction:column;}.kadence-column4465_973c3e-60 > .kt-inside-inner-col > .aligncenter{width:100%;}.kadence-column4465_973c3e-60 > .kt-inside-inner-col:before{opacity:0.3;}.kadence-column4465_973c3e-60{position:relative;}@media all and (max-width: 1024px){.kadence-column4465_973c3e-60 > .kt-inside-inner-col{flex-direction:column;justify-content:center;}}@media all and (max-width: 767px){.kadence-column4465_973c3e-60 > .kt-inside-inner-col{flex-direction:column;justify-content:center;}}<\/style>\n<div class=\"wp-block-kadence-column kadence-column4465_973c3e-60\"><div class=\"kt-inside-inner-col\"><style>.wp-block-kadence-advancedbtn.kb-btns4465_1e2bda-64{gap:var(--global-kb-gap-xs, 0.5rem );justify-content:center;align-items:center;}.kt-btns4465_1e2bda-64 .kt-button{font-weight:normal;font-style:normal;}.kt-btns4465_1e2bda-64 .kt-btn-wrap-0{margin-right:5px;}.wp-block-kadence-advancedbtn.kt-btns4465_1e2bda-64 .kt-btn-wrap-0 .kt-button{color:#555555;border-color:#555555;}.wp-block-kadence-advancedbtn.kt-btns4465_1e2bda-64 .kt-btn-wrap-0 .kt-button:hover, .wp-block-kadence-advancedbtn.kt-btns4465_1e2bda-64 .kt-btn-wrap-0 .kt-button:focus{color:#ffffff;border-color:#444444;}.wp-block-kadence-advancedbtn.kt-btns4465_1e2bda-64 .kt-btn-wrap-0 .kt-button::before{display:none;}.wp-block-kadence-advancedbtn.kt-btns4465_1e2bda-64 .kt-btn-wrap-0 .kt-button:hover, .wp-block-kadence-advancedbtn.kt-btns4465_1e2bda-64 .kt-btn-wrap-0 .kt-button:focus{background:#444444;}<\/style>\n<div class=\"wp-block-kadence-advancedbtn kb-buttons-wrap kb-btns4465_1e2bda-64\"><style>ul.menu .wp-block-kadence-advancedbtn .kb-btn4465_ad3a68-cf.kb-button{width:initial;}<\/style><span class=\"kb-button kt-button button kb-btn4465_ad3a68-cf kt-btn-size-large kt-btn-width-type-auto kb-btn-global-fill  kt-btn-has-text-true kt-btn-has-svg-false  wp-block-kadence-singlebtn\"><span class=\"kt-btn-inner-text\">Faire un don<\/span><\/span><\/div>\n<\/div><\/div>\n","protected":false},"excerpt":{"rendered":"<p>Aidez-nous \u00e0 assurer la continuit\u00e9 de nos programmes communautaires Vos dons soutiennent la mission du Collectif de Curry Parc-Ex: permettre aux femmes nouvellement arriv\u00e9es de tous horizons culturels de travailler ensemble afin de d\u00e9velopper les comp\u00e9tences et la confiance n\u00e9cessaires pour devenir autonomes dans leur nouveau pays. Veuillez noter que le Collectif de Curry Parc-Ex&#8230;<\/p>\n","protected":false},"author":1,"featured_media":4463,"parent":0,"menu_order":0,"comment_status":"closed","ping_status":"closed","template":"","meta":{"_acf_changed":false,"_eb_attr":"","_monsterinsights_skip_tracking":false,"_monsterinsights_sitenote_active":false,"_monsterinsights_sitenote_note":"","_monsterinsights_sitenote_category":0,"_kadence_starter_templates_imported_post":false,"_kad_post_transparent":"disable","_kad_post_title":"default","_kad_post_layout":"narrow","_kad_post_sidebar_id":"","_kad_post_content_style":"default","_kad_post_vertical_padding":"","_kad_post_feature":"hide","_kad_post_feature_position":"","_kad_post_header":false,"_kad_post_footer":false,"_kad_post_classname":"","footnotes":""},"class_list":["post-4465","page","type-page","status-publish","has-post-thumbnail","hentry"],"acf":[],"lang":"fr","translations":{"fr":4465,"en":4428},"pll_sync_post":[],"_links":{"self":[{"href":"https:\/\/parcexcurrycollective.ca\/index.php?rest_route=\/wp\/v2\/pages\/4465","targetHints":{"allow":["GET"]}}],"collection":[{"href":"https:\/\/parcexcurrycollective.ca\/index.php?rest_route=\/wp\/v2\/pages"}],"about":[{"href":"https:\/\/parcexcurrycollective.ca\/index.php?rest_route=\/wp\/v2\/types\/page"}],"author":[{"embeddable":true,"href":"https:\/\/parcexcurrycollective.ca\/index.php?rest_route=\/wp\/v2\/users\/1"}],"replies":[{"embeddable":true,"href":"https:\/\/parcexcurrycollective.ca\/index.php?rest_route=%2Fwp%2Fv2%2Fcomments&post=4465"}],"version-history":[{"count":5,"href":"https:\/\/parcexcurrycollective.ca\/index.php?rest_route=\/wp\/v2\/pages\/4465\/revisions"}],"predecessor-version":[{"id":4568,"href":"https:\/\/parcexcurrycollective.ca\/index.php?rest_route=\/wp\/v2\/pages\/4465\/revisions\/4568"}],"wp:featuredmedia":[{"embeddable":true,"href":"https:\/\/parcexcurrycollective.ca\/index.php?rest_route=\/wp\/v2\/media\/4463"}],"wp:attachment":[{"href":"https:\/\/parcexcurrycollective.ca\/index.php?rest_route=%2Fwp%2Fv2%2Fmedia&parent=4465"}],"curies":[{"name":"wp","href":"https:\/\/api.w.org\/{rel}","templated":true}]}}